{"id":365,"date":"2025-03-21T13:11:10","date_gmt":"2025-03-21T13:11:10","guid":{"rendered":"https:\/\/www.wadirumtours.com\/?post_type=product&#038;p=365"},"modified":"2025-12-15T17:40:04","modified_gmt":"2025-12-15T17:40:04","slug":"half-day-tour","status":"publish","type":"product","link":"https:\/\/www.wadirumtours.com\/fr\/camping-tours\/half-day-tour\/","title":{"rendered":"Visite d&#039;une demi-journ\u00e9e"},"content":{"rendered":"<p data-pm-slice=\"1 1 [&quot;list&quot;,{&quot;spread&quot;:true,&quot;start&quot;:557,&quot;end&quot;:1601},&quot;regular_list_item&quot;,{&quot;start&quot;:557,&quot;end&quot;:1159}]\"><strong>Half-Day Experience<\/strong>: This engaging tour offers two convenient time options\u2014early morning to midday or late afternoon culminating with a mesmerizing sunset view. Guests may select from key sites to explore, such as ancient inscriptions and petroglyphs deep within Khazali Canyon, expansive sand dunes, natural rock bridges, or the historic Lawrence&#8217;s Spring at Al Shallaleh, situated above a 2,000-year-old Nabatean temple. Choose your preferred combination of serene canyons and panoramic vistas. You can traverse these sites on foot, by vehicle, or opt for a camel ride lasting one to two hours.<\/p>\n<p data-pm-slice=\"1 3 []\"><strong>Additional Information<\/strong>:<\/p>\n<ul data-spread=\"true\">\n<li>All tour prices encompass water, Bedouin tea, and Arabic bread.<\/li>\n<li>Please note that the above costs exclude the 5 JD per adult entry fee into the Wadi Rum protected area, which contributes to conservation efforts. This fee is payable upon arrival at the Visitors&#8217; Centre.<\/li>\n<li>The half-day sunset tour starts from midday and ends at sunset, while the early morning tour starts early in the morning and ends at midday.<\/li>\n<\/ul>\n<ul data-spread=\"true\">\n<li><strong>Optional Extras<\/strong>:\n<ul data-spread=\"false\">\n<li>Camel Rides (one or two hours per person)<\/li>\n<li>Bedouin Climbing Guide (per day or part thereof)<\/li>\n<\/ul>\n<\/li>\n<\/ul>\n<p>Embark on this journey to immerse yourself in the enchanting beauty and cultural richness of Wadi Rum.<\/p>\n<p><strong data-start=\"66\" data-end=\"75\">Note:<\/strong> A family is defined as two adults and two children. <em data-start=\"128\" data-end=\"165\">(Children under 4 are not counted.)<\/em><\/p>\n","protected":false},"excerpt":{"rendered":"<p>Half-Day Experience: This engaging tour offers two convenient time options\u2014early morning to midday or late afternoon culminating with a mesmerizing sunset view. Guests may select from key sites to explore, such as ancient inscriptions and petroglyphs deep within Khazali Canyon, expansive sand dunes, natural rock bridges, or the historic Lawrence&#8217;s Spring at Al Shallaleh, situated [&#8230;]\n","protected":false},"featured_media":713,"template":"","meta":[],"product_brand":[],"product_cat":[65,34,16],"product_tag":[50],"class_list":{"0":"post-365","1":"product","2":"type-product","3":"status-publish","4":"has-post-thumbnail","6":"product_cat-behind-the-veil-in-wadi-rum-women-only","7":"product_cat-salehs-safari-camp","8":"product_cat-the-magic-of-wadi-rum","9":"product_tag-tour","11":"first","12":"instock","13":"shipping-taxable","14":"purchasable","15":"product-type-redq_rental"},"yoast_head":"<!-- This site is optimized with the Yoast SEO plugin v27.5 - https:\/\/yoast.com\/product\/yoast-seo-wordpress\/ -->\n<title>Half Day Tour - Wadi Rum Tours<\/title>\n<meta name=\"description\" content=\"Join our half-day tour for stunning views and key sites in Wadi Rum. Book now for an unforgettable adventure filled with history and beauty!\" \/>\n<meta name=\"robots\" content=\"index, follow, max-snippet:-1, max-image-preview:large, max-video-preview:-1\" \/>\n<link rel=\"canonical\" href=\"https:\/\/www.wadirumtours.com\/fr\/camping-tours\/half-day-tour\/\" \/>\n<meta property=\"og:locale\" content=\"fr_FR\" \/>\n<meta property=\"og:type\" content=\"article\" \/>\n<meta property=\"og:title\" content=\"Half Day Tour - Wadi Rum Tours\" \/>\n<meta property=\"og:description\" content=\"Join our half-day tour for stunning views and key sites in Wadi Rum. Book now for an unforgettable adventure filled with history and beauty!\" \/>\n<meta property=\"og:url\" content=\"https:\/\/www.wadirumtours.com\/fr\/camping-tours\/half-day-tour\/\" \/>\n<meta property=\"og:site_name\" content=\"Wadi Rum Tours\" \/>\n<meta property=\"article:publisher\" content=\"https:\/\/www.facebook.com\/wadirum.tours\/\" \/>\n<meta property=\"article:modified_time\" content=\"2025-12-15T17:40:04+00:00\" \/>\n<meta property=\"og:image\" content=\"https:\/\/www.wadirumtours.com\/wp-content\/uploads\/2025\/04\/4_waifu2x_art_noise1_scale.webp\" \/>\n\t<meta property=\"og:image:width\" content=\"2560\" \/>\n\t<meta property=\"og:image:height\" content=\"1445\" \/>\n\t<meta property=\"og:image:type\" content=\"image\/webp\" \/>\n<meta name=\"twitter:card\" content=\"summary_large_image\" \/>\n<meta name=\"twitter:label1\" content=\"Dur\u00e9e de lecture estim\u00e9e\" \/>\n\t<meta name=\"twitter:data1\" content=\"2 minutes\" \/>\n<script type=\"application\/ld+json\" class=\"yoast-schema-graph\">{\"@context\":\"https:\\\/\\\/schema.org\",\"@graph\":[{\"@type\":[\"WebPage\",\"ItemPage\"],\"@id\":\"https:\\\/\\\/www.wadirumtours.com\\\/camping-tours\\\/half-day-tour\\\/\",\"url\":\"https:\\\/\\\/www.wadirumtours.com\\\/camping-tours\\\/half-day-tour\\\/\",\"name\":\"Half Day Tour - Wadi Rum Tours\",\"isPartOf\":{\"@id\":\"https:\\\/\\\/www.wadirumtours.com\\\/#website\"},\"primaryImageOfPage\":{\"@id\":\"https:\\\/\\\/www.wadirumtours.com\\\/camping-tours\\\/half-day-tour\\\/#primaryimage\"},\"image\":{\"@id\":\"https:\\\/\\\/www.wadirumtours.com\\\/camping-tours\\\/half-day-tour\\\/#primaryimage\"},\"thumbnailUrl\":\"https:\\\/\\\/www.wadirumtours.com\\\/wp-content\\\/uploads\\\/2025\\\/04\\\/4_waifu2x_art_noise1_scale.webp\",\"datePublished\":\"2025-03-21T13:11:10+00:00\",\"dateModified\":\"2025-12-15T17:40:04+00:00\",\"description\":\"Join our half-day tour for stunning views and key sites in Wadi Rum. Book now for an unforgettable adventure filled with history and beauty!\",\"breadcrumb\":{\"@id\":\"https:\\\/\\\/www.wadirumtours.com\\\/camping-tours\\\/half-day-tour\\\/#breadcrumb\"},\"inLanguage\":\"fr-FR\",\"potentialAction\":[{\"@type\":\"ReadAction\",\"target\":[\"https:\\\/\\\/www.wadirumtours.com\\\/camping-tours\\\/half-day-tour\\\/\"]}]},{\"@type\":\"ImageObject\",\"inLanguage\":\"fr-FR\",\"@id\":\"https:\\\/\\\/www.wadirumtours.com\\\/camping-tours\\\/half-day-tour\\\/#primaryimage\",\"url\":\"https:\\\/\\\/www.wadirumtours.com\\\/wp-content\\\/uploads\\\/2025\\\/04\\\/4_waifu2x_art_noise1_scale.webp\",\"contentUrl\":\"https:\\\/\\\/www.wadirumtours.com\\\/wp-content\\\/uploads\\\/2025\\\/04\\\/4_waifu2x_art_noise1_scale.webp\",\"width\":2560,\"height\":1445},{\"@type\":\"BreadcrumbList\",\"@id\":\"https:\\\/\\\/www.wadirumtours.com\\\/camping-tours\\\/half-day-tour\\\/#breadcrumb\",\"itemListElement\":[{\"@type\":\"ListItem\",\"position\":1,\"name\":\"Home\",\"item\":\"https:\\\/\\\/www.wadirumtours.com\\\/\"},{\"@type\":\"ListItem\",\"position\":2,\"name\":\"Camping &#038; Tours\",\"item\":\"https:\\\/\\\/www.wadirumtours.com\\\/camping-tours\\\/\"},{\"@type\":\"ListItem\",\"position\":3,\"name\":\"Half Day Tour\"}]},{\"@type\":\"WebSite\",\"@id\":\"https:\\\/\\\/www.wadirumtours.com\\\/#website\",\"url\":\"https:\\\/\\\/www.wadirumtours.com\\\/\",\"name\":\"Wadi Rum Tours\",\"description\":\"REAL BEDOUIN CAMPING EXPERIENCE, 10 DIFFERENT TOURS\",\"publisher\":{\"@id\":\"https:\\\/\\\/www.wadirumtours.com\\\/#organization\"},\"potentialAction\":[{\"@type\":\"SearchAction\",\"target\":{\"@type\":\"EntryPoint\",\"urlTemplate\":\"https:\\\/\\\/www.wadirumtours.com\\\/?s={search_term_string}\"},\"query-input\":{\"@type\":\"PropertyValueSpecification\",\"valueRequired\":true,\"valueName\":\"search_term_string\"}}],\"inLanguage\":\"fr-FR\"},{\"@type\":\"Organization\",\"@id\":\"https:\\\/\\\/www.wadirumtours.com\\\/#organization\",\"name\":\"Wadi Rum Tours\",\"url\":\"https:\\\/\\\/www.wadirumtours.com\\\/\",\"logo\":{\"@type\":\"ImageObject\",\"inLanguage\":\"fr-FR\",\"@id\":\"https:\\\/\\\/www.wadirumtours.com\\\/#\\\/schema\\\/logo\\\/image\\\/\",\"url\":\"https:\\\/\\\/www.wadirumtours.com\\\/wp-content\\\/uploads\\\/2025\\\/03\\\/logo-wadirum-removebg-preview.png\",\"contentUrl\":\"https:\\\/\\\/www.wadirumtours.com\\\/wp-content\\\/uploads\\\/2025\\\/03\\\/logo-wadirum-removebg-preview.png\",\"width\":978,\"height\":255,\"caption\":\"Wadi Rum Tours\"},\"image\":{\"@id\":\"https:\\\/\\\/www.wadirumtours.com\\\/#\\\/schema\\\/logo\\\/image\\\/\"},\"sameAs\":[\"https:\\\/\\\/www.facebook.com\\\/wadirum.tours\\\/\",\"https:\\\/\\\/www.instagram.com\\\/wadirumcampingtours\\\/\"]}]}<\/script>\n<!-- \/ Yoast SEO plugin. -->","yoast_head_json":{"title":"Half Day Tour - Wadi Rum Tours","description":"Join our half-day tour for stunning views and key sites in Wadi Rum. Book now for an unforgettable adventure filled with history and beauty!","robots":{"index":"index","follow":"follow","max-snippet":"max-snippet:-1","max-image-preview":"max-image-preview:large","max-video-preview":"max-video-preview:-1"},"canonical":"https:\/\/www.wadirumtours.com\/fr\/camping-tours\/half-day-tour\/","og_locale":"fr_FR","og_type":"article","og_title":"Half Day Tour - Wadi Rum Tours","og_description":"Join our half-day tour for stunning views and key sites in Wadi Rum. Book now for an unforgettable adventure filled with history and beauty!","og_url":"https:\/\/www.wadirumtours.com\/fr\/camping-tours\/half-day-tour\/","og_site_name":"Wadi Rum Tours","article_publisher":"https:\/\/www.facebook.com\/wadirum.tours\/","article_modified_time":"2025-12-15T17:40:04+00:00","og_image":[{"width":2560,"height":1445,"url":"https:\/\/www.wadirumtours.com\/wp-content\/uploads\/2025\/04\/4_waifu2x_art_noise1_scale.webp","type":"image\/webp"}],"twitter_card":"summary_large_image","twitter_misc":{"Dur\u00e9e de lecture estim\u00e9e":"2 minutes"},"schema":{"@context":"https:\/\/schema.org","@graph":[{"@type":["WebPage","ItemPage"],"@id":"https:\/\/www.wadirumtours.com\/camping-tours\/half-day-tour\/","url":"https:\/\/www.wadirumtours.com\/camping-tours\/half-day-tour\/","name":"Half Day Tour - Wadi Rum Tours","isPartOf":{"@id":"https:\/\/www.wadirumtours.com\/#website"},"primaryImageOfPage":{"@id":"https:\/\/www.wadirumtours.com\/camping-tours\/half-day-tour\/#primaryimage"},"image":{"@id":"https:\/\/www.wadirumtours.com\/camping-tours\/half-day-tour\/#primaryimage"},"thumbnailUrl":"https:\/\/www.wadirumtours.com\/wp-content\/uploads\/2025\/04\/4_waifu2x_art_noise1_scale.webp","datePublished":"2025-03-21T13:11:10+00:00","dateModified":"2025-12-15T17:40:04+00:00","description":"Join our half-day tour for stunning views and key sites in Wadi Rum. Book now for an unforgettable adventure filled with history and beauty!","breadcrumb":{"@id":"https:\/\/www.wadirumtours.com\/camping-tours\/half-day-tour\/#breadcrumb"},"inLanguage":"fr-FR","potentialAction":[{"@type":"ReadAction","target":["https:\/\/www.wadirumtours.com\/camping-tours\/half-day-tour\/"]}]},{"@type":"ImageObject","inLanguage":"fr-FR","@id":"https:\/\/www.wadirumtours.com\/camping-tours\/half-day-tour\/#primaryimage","url":"https:\/\/www.wadirumtours.com\/wp-content\/uploads\/2025\/04\/4_waifu2x_art_noise1_scale.webp","contentUrl":"https:\/\/www.wadirumtours.com\/wp-content\/uploads\/2025\/04\/4_waifu2x_art_noise1_scale.webp","width":2560,"height":1445},{"@type":"BreadcrumbList","@id":"https:\/\/www.wadirumtours.com\/camping-tours\/half-day-tour\/#breadcrumb","itemListElement":[{"@type":"ListItem","position":1,"name":"Home","item":"https:\/\/www.wadirumtours.com\/"},{"@type":"ListItem","position":2,"name":"Camping &#038; Tours","item":"https:\/\/www.wadirumtours.com\/camping-tours\/"},{"@type":"ListItem","position":3,"name":"Half Day Tour"}]},{"@type":"WebSite","@id":"https:\/\/www.wadirumtours.com\/#website","url":"https:\/\/www.wadirumtours.com\/","name":"Excursions dans le Wadi Rum","description":"V\u00c9RITABLE EXP\u00c9RIENCE DE CAMPING B\u00c9DOUIN, 10 CIRCUITS DIFF\u00c9RENTS","publisher":{"@id":"https:\/\/www.wadirumtours.com\/#organization"},"potentialAction":[{"@type":"SearchAction","target":{"@type":"EntryPoint","urlTemplate":"https:\/\/www.wadirumtours.com\/?s={search_term_string}"},"query-input":{"@type":"PropertyValueSpecification","valueRequired":true,"valueName":"search_term_string"}}],"inLanguage":"fr-FR"},{"@type":"Organization","@id":"https:\/\/www.wadirumtours.com\/#organization","name":"Excursions dans le Wadi Rum","url":"https:\/\/www.wadirumtours.com\/","logo":{"@type":"ImageObject","inLanguage":"fr-FR","@id":"https:\/\/www.wadirumtours.com\/#\/schema\/logo\/image\/","url":"https:\/\/www.wadirumtours.com\/wp-content\/uploads\/2025\/03\/logo-wadirum-removebg-preview.png","contentUrl":"https:\/\/www.wadirumtours.com\/wp-content\/uploads\/2025\/03\/logo-wadirum-removebg-preview.png","width":978,"height":255,"caption":"Wadi Rum Tours"},"image":{"@id":"https:\/\/www.wadirumtours.com\/#\/schema\/logo\/image\/"},"sameAs":["https:\/\/www.facebook.com\/wadirum.tours\/","https:\/\/www.instagram.com\/wadirumcampingtours\/"]}]}},"_links":{"self":[{"href":"https:\/\/www.wadirumtours.com\/fr\/wp-json\/wp\/v2\/product\/365","targetHints":{"allow":["GET"]}}],"collection":[{"href":"https:\/\/www.wadirumtours.com\/fr\/wp-json\/wp\/v2\/product"}],"about":[{"href":"https:\/\/www.wadirumtours.com\/fr\/wp-json\/wp\/v2\/types\/product"}],"wp:featuredmedia":[{"embeddable":true,"href":"https:\/\/www.wadirumtours.com\/fr\/wp-json\/wp\/v2\/media\/713"}],"wp:attachment":[{"href":"https:\/\/www.wadirumtours.com\/fr\/wp-json\/wp\/v2\/media?parent=365"}],"wp:term":[{"taxonomy":"product_brand","embeddable":true,"href":"https:\/\/www.wadirumtours.com\/fr\/wp-json\/wp\/v2\/product_brand?post=365"},{"taxonomy":"product_cat","embeddable":true,"href":"https:\/\/www.wadirumtours.com\/fr\/wp-json\/wp\/v2\/product_cat?post=365"},{"taxonomy":"product_tag","embeddable":true,"href":"https:\/\/www.wadirumtours.com\/fr\/wp-json\/wp\/v2\/product_tag?post=365"}],"curies":[{"name":"wp","href":"https:\/\/api.w.org\/{rel}","templated":true}]}}