{"id":296,"date":"2025-03-17T20:16:42","date_gmt":"2025-03-17T20:16:42","guid":{"rendered":"https:\/\/www.wadirumtours.com\/?post_type=product&#038;p=296"},"modified":"2025-04-10T22:11:19","modified_gmt":"2025-04-10T22:11:19","slug":"private-mountain-view-tent-in-wadi-rum","status":"publish","type":"product","link":"https:\/\/www.wadirumtours.com\/fr\/camping-tours\/private-mountain-view-tent-in-wadi-rum\/","title":{"rendered":"Tente priv\u00e9e avec vue sur la montagne dans le Wadi Rum (max. 2 personnes)"},"content":{"rendered":"<div class=\"dad65929\">\n<div class=\"f9bf7997 d7dc56a8 c05b5566\">\n<div class=\"ds-markdown ds-markdown--block\">\n<div class=\"dad65929\">\n<div class=\"f9bf7997 d7dc56a8 c05b5566\">\n<div class=\"ds-markdown ds-markdown--block\">\n<div class=\"dad65929\">\n<div class=\"f9bf7997 d7dc56a8 c05b5566\">\n<div class=\"ds-markdown ds-markdown--block\">\n<p><strong>S\u00e9journez dans la magie du Wadi Rum dans notre camp b\u00e9douin<\/strong><br \/>\nD\u00e9couvrez le charme du Wadi Rum dans notre luxueuse tente priv\u00e9e. D\u00e9tendez-vous confortablement, explorez les dunes de sable dor\u00e9, savourez de d\u00e9licieux plats locaux et admirez les magnifiques couchers de soleil sur le d\u00e9sert.<\/p>\n<p><strong>L&#039;espace<\/strong><br \/>\nNotre camp est nich\u00e9 dans la zone prot\u00e9g\u00e9e du Wadi Rum, pr\u00e8s du mont Khazali, offrant une exp\u00e9rience b\u00e9douine authentique et haut de gamme. La tente priv\u00e9e est con\u00e7ue pour 1 \u00e0 2 personnes, garantissant un s\u00e9jour exclusif et intime. Profitez du confort de toilettes priv\u00e9es modernes, ajoutant une touche de luxe \u00e0 votre aventure dans le d\u00e9sert. Nous offrons un service de prise en charge et de retour gratuits au village de Wadi Rum pour un voyage sans souci. Commencez votre journ\u00e9e par un petit-d\u00e9jeuner b\u00e9douin traditionnel et profitez de l&#039;hospitalit\u00e9 chaleureuse de la famille Saleh, le tout au c\u0153ur des magnifiques sables orange et rouge du Wadi Rum.<\/p>\n<p><strong>Avis<\/strong><br \/>\n<em>Veuillez noter que les photos repr\u00e9sentent la tente avec une approximation maximale. Nous r\u00e9novons et modernisons constamment l&#039;apparence de nos tentes pour am\u00e9liorer votre exp\u00e9rience. Cependant, toutes les caract\u00e9ristiques et commodit\u00e9s mentionn\u00e9es sont exactes et garanties.<\/em><\/p>\n<p><strong>\u00c9quipements<\/strong><\/p>\n<ul>\n<li>Wi-Fi gratuit<\/li>\n<li>Parking gratuit<\/li>\n<li><strong>Toilettes priv\u00e9es modernes<\/strong><\/li>\n<li>Foyer pour les rassemblements en soir\u00e9e<\/li>\n<li>Vues imprenables sur les montagnes<\/li>\n<li>Possibilit\u00e9 de dormir \u00e0 la belle \u00e9toile (pr\u00e9venez-nous \u00e0 l&#039;avance, nous pr\u00e9parerons tout pour vous !)<\/li>\n<\/ul>\n<p><strong>Visites et activit\u00e9s<\/strong><br \/>\nAgr\u00e9mentez votre s\u00e9jour avec nos excursions d&#039;une demi-journ\u00e9e ou d&#039;une journ\u00e9e dans le Wadi Rum, ou personnalisez votre aventure avec des balades \u00e0 dos de chameau, des excursions en jeep et des randonn\u00e9es, adapt\u00e9es \u00e0 votre emploi du temps et \u00e0 vos envies. Que vous recherchiez une excursion courte ou une exploration plus approfondie, nous sommes l\u00e0 pour la rendre inoubliable. N&#039;h\u00e9sitez pas \u00e0 nous contacter pour toute question concernant nos excursions\u00a0; nous serons ravis de vous aider\u00a0!<\/p>\n<p><strong>Repas<\/strong><br \/>\nSavourez un petit-d\u00e9jeuner, un d\u00e9jeuner et un d\u00eener b\u00e9douins traditionnels, pr\u00e9par\u00e9s avec des saveurs authentiques pour agr\u00e9menter votre aventure dans le d\u00e9sert. H\u00e9berg\u00e9 par la famille Saleh, notre campement offre une atmosph\u00e8re chaleureuse et accueillante, rendant votre s\u00e9jour dans le Wadi Rum vraiment inoubliable.<\/p>\n<p><strong>R\u00e9servez d\u00e8s maintenant votre s\u00e9jour et plongez dans la magie du Wadi Rum !<\/strong><\/p>\n<\/div>\n<\/div>\n<\/div>\n<div class=\"cbcaa82c\">\n<div class=\"aaff8b8f\">\n<div class=\"cefa5c26\">\n<div class=\"dd442025 b699646e\"><\/div>\n<\/div>\n<\/div>\n<\/div>\n<\/div>\n<\/div>\n<\/div>\n<\/div>\n<\/div>\n<\/div>","protected":false},"excerpt":{"rendered":"<p>Stay in the Magic of Wadi Rum at Our Bedouin Camp Experience the enchantment of Wadi Rum in our luxurious private tent. Relax in comfort, explore golden sand dunes, savor delicious local meals, and marvel at the stunning desert sunsets. The Space Our camp is nestled in Wadi Rum\u2019s protected area, close to Khazali Mountain, [&#8230;]\n","protected":false},"featured_media":307,"template":"","meta":[],"product_brand":[],"product_cat":[79,65,67,66,77,34,78,16],"product_tag":[],"class_list":{"0":"post-296","1":"product","2":"type-product","3":"status-publish","4":"has-post-thumbnail","6":"product_cat-adventure-weekends","7":"product_cat-behind-the-veil-in-wadi-rum-women-only","8":"product_cat-special-offer-for-children-and-families","9":"product_cat-independent-trekking","10":"product_cat-jordans-highest-mountain","11":"product_cat-salehs-safari-camp","12":"product_cat-the-five-bridges-of-wadi-rum","13":"product_cat-the-magic-of-wadi-rum","15":"first","16":"instock","17":"shipping-taxable","18":"purchasable","19":"product-type-redq_rental"},"yoast_head":"<!-- This site is optimized with the Yoast SEO plugin v27.5 - https:\/\/yoast.com\/product\/yoast-seo-wordpress\/ -->\n<title>Private Mountain-View Tent in Wadi Rum (max 2 Guests) - Wadi Rum Tours<\/title>\n<meta name=\"description\" content=\"Indulge in a unique Bedouin experience in Wadi Rum. Book your private tent for an intimate getaway with stunning views and delicious local meals.\" \/>\n<meta name=\"robots\" content=\"index, follow, max-snippet:-1, max-image-preview:large, max-video-preview:-1\" \/>\n<link rel=\"canonical\" href=\"https:\/\/www.wadirumtours.com\/fr\/camping-tours\/private-mountain-view-tent-in-wadi-rum\/\" \/>\n<meta property=\"og:locale\" content=\"fr_FR\" \/>\n<meta property=\"og:type\" content=\"article\" \/>\n<meta property=\"og:title\" content=\"Private Mountain-View Tent in Wadi Rum (max 2 Guests) - Wadi Rum Tours\" \/>\n<meta property=\"og:description\" content=\"Indulge in a unique Bedouin experience in Wadi Rum. Book your private tent for an intimate getaway with stunning views and delicious local meals.\" \/>\n<meta property=\"og:url\" content=\"https:\/\/www.wadirumtours.com\/fr\/camping-tours\/private-mountain-view-tent-in-wadi-rum\/\" \/>\n<meta property=\"og:site_name\" content=\"Wadi Rum Tours\" \/>\n<meta property=\"article:publisher\" content=\"https:\/\/www.facebook.com\/wadirum.tours\/\" \/>\n<meta property=\"article:modified_time\" content=\"2025-04-10T22:11:19+00:00\" \/>\n<meta property=\"og:image\" content=\"https:\/\/www.wadirumtours.com\/wp-content\/uploads\/2025\/03\/vip-teras-1-2000x1333.jpg\" \/>\n\t<meta property=\"og:image:width\" content=\"2000\" \/>\n\t<meta property=\"og:image:height\" content=\"1333\" \/>\n\t<meta property=\"og:image:type\" content=\"image\/jpeg\" \/>\n<meta name=\"twitter:card\" content=\"summary_large_image\" \/>\n<meta name=\"twitter:label1\" content=\"Dur\u00e9e de lecture estim\u00e9e\" \/>\n\t<meta name=\"twitter:data1\" content=\"2 minutes\" \/>\n<script type=\"application\/ld+json\" class=\"yoast-schema-graph\">{\"@context\":\"https:\\\/\\\/schema.org\",\"@graph\":[{\"@type\":[\"WebPage\",\"ItemPage\"],\"@id\":\"https:\\\/\\\/www.wadirumtours.com\\\/camping-tours\\\/private-mountain-view-tent-in-wadi-rum\\\/\",\"url\":\"https:\\\/\\\/www.wadirumtours.com\\\/camping-tours\\\/private-mountain-view-tent-in-wadi-rum\\\/\",\"name\":\"Private Mountain-View Tent in Wadi Rum (max 2 Guests) - Wadi Rum Tours\",\"isPartOf\":{\"@id\":\"https:\\\/\\\/www.wadirumtours.com\\\/#website\"},\"primaryImageOfPage\":{\"@id\":\"https:\\\/\\\/www.wadirumtours.com\\\/camping-tours\\\/private-mountain-view-tent-in-wadi-rum\\\/#primaryimage\"},\"image\":{\"@id\":\"https:\\\/\\\/www.wadirumtours.com\\\/camping-tours\\\/private-mountain-view-tent-in-wadi-rum\\\/#primaryimage\"},\"thumbnailUrl\":\"https:\\\/\\\/www.wadirumtours.com\\\/wp-content\\\/uploads\\\/2025\\\/03\\\/vip-teras-1.jpg\",\"datePublished\":\"2025-03-17T20:16:42+00:00\",\"dateModified\":\"2025-04-10T22:11:19+00:00\",\"description\":\"Indulge in a unique Bedouin experience in Wadi Rum. Book your private tent for an intimate getaway with stunning views and delicious local meals.\",\"breadcrumb\":{\"@id\":\"https:\\\/\\\/www.wadirumtours.com\\\/camping-tours\\\/private-mountain-view-tent-in-wadi-rum\\\/#breadcrumb\"},\"inLanguage\":\"fr-FR\",\"potentialAction\":[{\"@type\":\"ReadAction\",\"target\":[\"https:\\\/\\\/www.wadirumtours.com\\\/camping-tours\\\/private-mountain-view-tent-in-wadi-rum\\\/\"]}]},{\"@type\":\"ImageObject\",\"inLanguage\":\"fr-FR\",\"@id\":\"https:\\\/\\\/www.wadirumtours.com\\\/camping-tours\\\/private-mountain-view-tent-in-wadi-rum\\\/#primaryimage\",\"url\":\"https:\\\/\\\/www.wadirumtours.com\\\/wp-content\\\/uploads\\\/2025\\\/03\\\/vip-teras-1.jpg\",\"contentUrl\":\"https:\\\/\\\/www.wadirumtours.com\\\/wp-content\\\/uploads\\\/2025\\\/03\\\/vip-teras-1.jpg\",\"width\":2400,\"height\":1600},{\"@type\":\"BreadcrumbList\",\"@id\":\"https:\\\/\\\/www.wadirumtours.com\\\/camping-tours\\\/private-mountain-view-tent-in-wadi-rum\\\/#breadcrumb\",\"itemListElement\":[{\"@type\":\"ListItem\",\"position\":1,\"name\":\"Home\",\"item\":\"https:\\\/\\\/www.wadirumtours.com\\\/\"},{\"@type\":\"ListItem\",\"position\":2,\"name\":\"Camping &#038; Tours\",\"item\":\"https:\\\/\\\/www.wadirumtours.com\\\/camping-tours\\\/\"},{\"@type\":\"ListItem\",\"position\":3,\"name\":\"Private Mountain-View Tent in Wadi Rum (max 2 Guests)\"}]},{\"@type\":\"WebSite\",\"@id\":\"https:\\\/\\\/www.wadirumtours.com\\\/#website\",\"url\":\"https:\\\/\\\/www.wadirumtours.com\\\/\",\"name\":\"Wadi Rum Tours\",\"description\":\"REAL BEDOUIN CAMPING EXPERIENCE, 10 DIFFERENT TOURS\",\"publisher\":{\"@id\":\"https:\\\/\\\/www.wadirumtours.com\\\/#organization\"},\"potentialAction\":[{\"@type\":\"SearchAction\",\"target\":{\"@type\":\"EntryPoint\",\"urlTemplate\":\"https:\\\/\\\/www.wadirumtours.com\\\/?s={search_term_string}\"},\"query-input\":{\"@type\":\"PropertyValueSpecification\",\"valueRequired\":true,\"valueName\":\"search_term_string\"}}],\"inLanguage\":\"fr-FR\"},{\"@type\":\"Organization\",\"@id\":\"https:\\\/\\\/www.wadirumtours.com\\\/#organization\",\"name\":\"Wadi Rum Tours\",\"url\":\"https:\\\/\\\/www.wadirumtours.com\\\/\",\"logo\":{\"@type\":\"ImageObject\",\"inLanguage\":\"fr-FR\",\"@id\":\"https:\\\/\\\/www.wadirumtours.com\\\/#\\\/schema\\\/logo\\\/image\\\/\",\"url\":\"https:\\\/\\\/www.wadirumtours.com\\\/wp-content\\\/uploads\\\/2025\\\/03\\\/logo-wadirum-removebg-preview.png\",\"contentUrl\":\"https:\\\/\\\/www.wadirumtours.com\\\/wp-content\\\/uploads\\\/2025\\\/03\\\/logo-wadirum-removebg-preview.png\",\"width\":978,\"height\":255,\"caption\":\"Wadi Rum Tours\"},\"image\":{\"@id\":\"https:\\\/\\\/www.wadirumtours.com\\\/#\\\/schema\\\/logo\\\/image\\\/\"},\"sameAs\":[\"https:\\\/\\\/www.facebook.com\\\/wadirum.tours\\\/\",\"https:\\\/\\\/www.instagram.com\\\/wadirumcampingtours\\\/\"]}]}<\/script>\n<!-- \/ Yoast SEO plugin. -->","yoast_head_json":{"title":"Private Mountain-View Tent in Wadi Rum (max 2 Guests) - Wadi Rum Tours","description":"Indulge in a unique Bedouin experience in Wadi Rum. Book your private tent for an intimate getaway with stunning views and delicious local meals.","robots":{"index":"index","follow":"follow","max-snippet":"max-snippet:-1","max-image-preview":"max-image-preview:large","max-video-preview":"max-video-preview:-1"},"canonical":"https:\/\/www.wadirumtours.com\/fr\/camping-tours\/private-mountain-view-tent-in-wadi-rum\/","og_locale":"fr_FR","og_type":"article","og_title":"Private Mountain-View Tent in Wadi Rum (max 2 Guests) - Wadi Rum Tours","og_description":"Indulge in a unique Bedouin experience in Wadi Rum. Book your private tent for an intimate getaway with stunning views and delicious local meals.","og_url":"https:\/\/www.wadirumtours.com\/fr\/camping-tours\/private-mountain-view-tent-in-wadi-rum\/","og_site_name":"Wadi Rum Tours","article_publisher":"https:\/\/www.facebook.com\/wadirum.tours\/","article_modified_time":"2025-04-10T22:11:19+00:00","og_image":[{"width":2000,"height":1333,"url":"https:\/\/www.wadirumtours.com\/wp-content\/uploads\/2025\/03\/vip-teras-1-2000x1333.jpg","type":"image\/jpeg"}],"twitter_card":"summary_large_image","twitter_misc":{"Dur\u00e9e de lecture estim\u00e9e":"2 minutes"},"schema":{"@context":"https:\/\/schema.org","@graph":[{"@type":["WebPage","ItemPage"],"@id":"https:\/\/www.wadirumtours.com\/camping-tours\/private-mountain-view-tent-in-wadi-rum\/","url":"https:\/\/www.wadirumtours.com\/camping-tours\/private-mountain-view-tent-in-wadi-rum\/","name":"Private Mountain-View Tent in Wadi Rum (max 2 Guests) - Wadi Rum Tours","isPartOf":{"@id":"https:\/\/www.wadirumtours.com\/#website"},"primaryImageOfPage":{"@id":"https:\/\/www.wadirumtours.com\/camping-tours\/private-mountain-view-tent-in-wadi-rum\/#primaryimage"},"image":{"@id":"https:\/\/www.wadirumtours.com\/camping-tours\/private-mountain-view-tent-in-wadi-rum\/#primaryimage"},"thumbnailUrl":"https:\/\/www.wadirumtours.com\/wp-content\/uploads\/2025\/03\/vip-teras-1.jpg","datePublished":"2025-03-17T20:16:42+00:00","dateModified":"2025-04-10T22:11:19+00:00","description":"Indulge in a unique Bedouin experience in Wadi Rum. Book your private tent for an intimate getaway with stunning views and delicious local meals.","breadcrumb":{"@id":"https:\/\/www.wadirumtours.com\/camping-tours\/private-mountain-view-tent-in-wadi-rum\/#breadcrumb"},"inLanguage":"fr-FR","potentialAction":[{"@type":"ReadAction","target":["https:\/\/www.wadirumtours.com\/camping-tours\/private-mountain-view-tent-in-wadi-rum\/"]}]},{"@type":"ImageObject","inLanguage":"fr-FR","@id":"https:\/\/www.wadirumtours.com\/camping-tours\/private-mountain-view-tent-in-wadi-rum\/#primaryimage","url":"https:\/\/www.wadirumtours.com\/wp-content\/uploads\/2025\/03\/vip-teras-1.jpg","contentUrl":"https:\/\/www.wadirumtours.com\/wp-content\/uploads\/2025\/03\/vip-teras-1.jpg","width":2400,"height":1600},{"@type":"BreadcrumbList","@id":"https:\/\/www.wadirumtours.com\/camping-tours\/private-mountain-view-tent-in-wadi-rum\/#breadcrumb","itemListElement":[{"@type":"ListItem","position":1,"name":"Home","item":"https:\/\/www.wadirumtours.com\/"},{"@type":"ListItem","position":2,"name":"Camping &#038; Tours","item":"https:\/\/www.wadirumtours.com\/camping-tours\/"},{"@type":"ListItem","position":3,"name":"Private Mountain-View Tent in Wadi Rum (max 2 Guests)"}]},{"@type":"WebSite","@id":"https:\/\/www.wadirumtours.com\/#website","url":"https:\/\/www.wadirumtours.com\/","name":"Excursions dans le Wadi Rum","description":"V\u00c9RITABLE EXP\u00c9RIENCE DE CAMPING B\u00c9DOUIN, 10 CIRCUITS DIFF\u00c9RENTS","publisher":{"@id":"https:\/\/www.wadirumtours.com\/#organization"},"potentialAction":[{"@type":"SearchAction","target":{"@type":"EntryPoint","urlTemplate":"https:\/\/www.wadirumtours.com\/?s={search_term_string}"},"query-input":{"@type":"PropertyValueSpecification","valueRequired":true,"valueName":"search_term_string"}}],"inLanguage":"fr-FR"},{"@type":"Organization","@id":"https:\/\/www.wadirumtours.com\/#organization","name":"Excursions dans le Wadi Rum","url":"https:\/\/www.wadirumtours.com\/","logo":{"@type":"ImageObject","inLanguage":"fr-FR","@id":"https:\/\/www.wadirumtours.com\/#\/schema\/logo\/image\/","url":"https:\/\/www.wadirumtours.com\/wp-content\/uploads\/2025\/03\/logo-wadirum-removebg-preview.png","contentUrl":"https:\/\/www.wadirumtours.com\/wp-content\/uploads\/2025\/03\/logo-wadirum-removebg-preview.png","width":978,"height":255,"caption":"Wadi Rum Tours"},"image":{"@id":"https:\/\/www.wadirumtours.com\/#\/schema\/logo\/image\/"},"sameAs":["https:\/\/www.facebook.com\/wadirum.tours\/","https:\/\/www.instagram.com\/wadirumcampingtours\/"]}]}},"_links":{"self":[{"href":"https:\/\/www.wadirumtours.com\/fr\/wp-json\/wp\/v2\/product\/296","targetHints":{"allow":["GET"]}}],"collection":[{"href":"https:\/\/www.wadirumtours.com\/fr\/wp-json\/wp\/v2\/product"}],"about":[{"href":"https:\/\/www.wadirumtours.com\/fr\/wp-json\/wp\/v2\/types\/product"}],"wp:featuredmedia":[{"embeddable":true,"href":"https:\/\/www.wadirumtours.com\/fr\/wp-json\/wp\/v2\/media\/307"}],"wp:attachment":[{"href":"https:\/\/www.wadirumtours.com\/fr\/wp-json\/wp\/v2\/media?parent=296"}],"wp:term":[{"taxonomy":"product_brand","embeddable":true,"href":"https:\/\/www.wadirumtours.com\/fr\/wp-json\/wp\/v2\/product_brand?post=296"},{"taxonomy":"product_cat","embeddable":true,"href":"https:\/\/www.wadirumtours.com\/fr\/wp-json\/wp\/v2\/product_cat?post=296"},{"taxonomy":"product_tag","embeddable":true,"href":"https:\/\/www.wadirumtours.com\/fr\/wp-json\/wp\/v2\/product_tag?post=296"}],"curies":[{"name":"wp","href":"https:\/\/api.w.org\/{rel}","templated":true}]}}