{"id":810,"date":"2025-04-12T19:53:42","date_gmt":"2025-04-12T19:53:42","guid":{"rendered":"https:\/\/www.wadirumtours.com\/?page_id=810"},"modified":"2026-05-02T15:21:48","modified_gmt":"2026-05-02T15:21:48","slug":"404-2","status":"publish","type":"page","link":"https:\/\/www.wadirumtours.com\/fr\/404-2\/","title":{"rendered":"404"},"content":{"rendered":"<section class=\"section\" id=\"section_1714525209\">\n\t\t<div class=\"section-bg fill\" >\n\t\t\t<img loading=\"lazy\" decoding=\"async\" width=\"2560\" height=\"1445\" src=\"https:\/\/www.wadirumtours.com\/wp-content\/uploads\/2025\/04\/4_waifu2x_art_noise1_scale.webp\" class=\"bg attachment- size-\" alt=\"\" \/>\t\t\t\t\t\t\n\t\t\t\n\n\t\t<\/div>\n\n\t\t\n\n\t\t<div class=\"section-content relative\">\n\t\t\t\n\t<div id=\"gap-2046472858\" class=\"gap-element clearfix\" style=\"display:block; height:auto;\">\n\t\t\n<style>\n#gap-2046472858 {\n  padding-top: 30px;\n}\n<\/style>\n\t<\/div>\n\t\n\n  <div class=\"banner has-hover\" id=\"banner-2094814176\">\n          <div class=\"banner-inner fill\">\n        <div class=\"banner-bg fill\" >\n            <img loading=\"lazy\" decoding=\"async\" width=\"1020\" height=\"576\" src=\"https:\/\/www.wadirumtours.com\/wp-content\/uploads\/2025\/04\/4_waifu2x_art_noise1_scale-2000x1129.webp\" class=\"bg attachment-large size-large\" alt=\"\" \/>                                    \n                    <\/div>\n\t\t\n        <div class=\"banner-layers container\">\n            <div class=\"fill banner-link\"><\/div>            \n   <div id=\"text-box-704939301\" class=\"text-box banner-layer x50 md-x50 lg-x50 y50 md-y50 lg-y50 res-text\">\n                                <div class=\"text-box-content text dark\">\n              \n              <div class=\"text-inner text-center\">\n                  \n<h6>erreur 404<\/h6>\n<h2><span style=\"font-size: 200%;\">D\u00e9sol\u00e9, cette page n&#039;est pas disponible.<\/span><\/h2>\n<p>La page que vous recherchez est introuvable. Vous serez bient\u00f4t redirig\u00e9 vers la page d&#039;accueil.<\/p>\n              <\/div>\n           <\/div>\n                            \n<style>\n#text-box-704939301 .text-box-content {\n  background-color: rgba(0, 0, 0, 0.459);\n  font-size: 100%;\n}\n#text-box-704939301 .text-inner {\n  padding: 20px 20px 20px 20px;\n}\n#text-box-704939301 {\n  width: 60%;\n}\n<\/style>\n    <\/div>\n \n        <\/div>\n      <\/div>\n\n            \n<style>\n#banner-2094814176 {\n  padding-top: 500px;\n}\n<\/style>\n  <\/div>\n\n\n\t\t<\/div>\n\n\t\t\n<style>\n#section_1714525209 {\n  padding-top: 40px;\n  padding-bottom: 40px;\n}\n<\/style>\n\t<\/section>\n\t\n\t<div id=\"gap-1952063406\" class=\"gap-element clearfix\" style=\"display:block; height:auto;\">\n\t\t\n<style>\n#gap-1952063406 {\n  padding-top: 30px;\n}\n<\/style>\n\t<\/div>","protected":false},"excerpt":{"rendered":"","protected":false},"author":1,"featured_media":0,"parent":0,"menu_order":0,"comment_status":"closed","ping_status":"closed","template":"page-blank.php","meta":{"footnotes":""},"class_list":["post-810","page","type-page","status-publish","hentry"],"yoast_head":"<!-- This site is optimized with the Yoast SEO plugin v27.5 - https:\/\/yoast.com\/product\/yoast-seo-wordpress\/ -->\n<title>404 - Wadi Rum Tours<\/title>\n<meta name=\"robots\" content=\"index, follow, max-snippet:-1, max-image-preview:large, max-video-preview:-1\" \/>\n<link rel=\"canonical\" href=\"https:\/\/www.wadirumtours.com\/fr\/404-2\/\" \/>\n<meta property=\"og:locale\" content=\"fr_FR\" \/>\n<meta property=\"og:type\" content=\"article\" \/>\n<meta property=\"og:title\" content=\"404 - Wadi Rum Tours\" \/>\n<meta property=\"og:url\" content=\"https:\/\/www.wadirumtours.com\/fr\/404-2\/\" \/>\n<meta property=\"og:site_name\" content=\"Wadi Rum Tours\" \/>\n<meta property=\"article:publisher\" content=\"https:\/\/www.facebook.com\/wadirum.tours\/\" \/>\n<meta property=\"article:modified_time\" content=\"2026-05-02T15:21:48+00:00\" \/>\n<meta name=\"twitter:card\" content=\"summary_large_image\" \/>\n<meta name=\"twitter:label1\" content=\"Dur\u00e9e de lecture estim\u00e9e\" \/>\n\t<meta name=\"twitter:data1\" content=\"1 minute\" \/>\n<script type=\"application\/ld+json\" class=\"yoast-schema-graph\">{\"@context\":\"https:\\\/\\\/schema.org\",\"@graph\":[{\"@type\":\"WebPage\",\"@id\":\"https:\\\/\\\/www.wadirumtours.com\\\/404-2\\\/\",\"url\":\"https:\\\/\\\/www.wadirumtours.com\\\/404-2\\\/\",\"name\":\"404 - Wadi Rum Tours\",\"isPartOf\":{\"@id\":\"https:\\\/\\\/www.wadirumtours.com\\\/#website\"},\"datePublished\":\"2025-04-12T19:53:42+00:00\",\"dateModified\":\"2026-05-02T15:21:48+00:00\",\"breadcrumb\":{\"@id\":\"https:\\\/\\\/www.wadirumtours.com\\\/404-2\\\/#breadcrumb\"},\"inLanguage\":\"fr-FR\",\"potentialAction\":[{\"@type\":\"ReadAction\",\"target\":[\"https:\\\/\\\/www.wadirumtours.com\\\/404-2\\\/\"]}]},{\"@type\":\"BreadcrumbList\",\"@id\":\"https:\\\/\\\/www.wadirumtours.com\\\/404-2\\\/#breadcrumb\",\"itemListElement\":[{\"@type\":\"ListItem\",\"position\":1,\"name\":\"Home\",\"item\":\"https:\\\/\\\/www.wadirumtours.com\\\/\"},{\"@type\":\"ListItem\",\"position\":2,\"name\":\"404\"}]},{\"@type\":\"WebSite\",\"@id\":\"https:\\\/\\\/www.wadirumtours.com\\\/#website\",\"url\":\"https:\\\/\\\/www.wadirumtours.com\\\/\",\"name\":\"Wadi Rum Tours\",\"description\":\"REAL BEDOUIN CAMPING EXPERIENCE, 10 DIFFERENT TOURS\",\"publisher\":{\"@id\":\"https:\\\/\\\/www.wadirumtours.com\\\/#organization\"},\"potentialAction\":[{\"@type\":\"SearchAction\",\"target\":{\"@type\":\"EntryPoint\",\"urlTemplate\":\"https:\\\/\\\/www.wadirumtours.com\\\/?s={search_term_string}\"},\"query-input\":{\"@type\":\"PropertyValueSpecification\",\"valueRequired\":true,\"valueName\":\"search_term_string\"}}],\"inLanguage\":\"fr-FR\"},{\"@type\":\"Organization\",\"@id\":\"https:\\\/\\\/www.wadirumtours.com\\\/#organization\",\"name\":\"Wadi Rum Tours\",\"url\":\"https:\\\/\\\/www.wadirumtours.com\\\/\",\"logo\":{\"@type\":\"ImageObject\",\"inLanguage\":\"fr-FR\",\"@id\":\"https:\\\/\\\/www.wadirumtours.com\\\/#\\\/schema\\\/logo\\\/image\\\/\",\"url\":\"https:\\\/\\\/www.wadirumtours.com\\\/wp-content\\\/uploads\\\/2025\\\/03\\\/logo-wadirum-removebg-preview.png\",\"contentUrl\":\"https:\\\/\\\/www.wadirumtours.com\\\/wp-content\\\/uploads\\\/2025\\\/03\\\/logo-wadirum-removebg-preview.png\",\"width\":978,\"height\":255,\"caption\":\"Wadi Rum Tours\"},\"image\":{\"@id\":\"https:\\\/\\\/www.wadirumtours.com\\\/#\\\/schema\\\/logo\\\/image\\\/\"},\"sameAs\":[\"https:\\\/\\\/www.facebook.com\\\/wadirum.tours\\\/\",\"https:\\\/\\\/www.instagram.com\\\/wadirumcampingtours\\\/\"]}]}<\/script>\n<!-- \/ Yoast SEO plugin. -->","yoast_head_json":{"title":"404 - Wadi Rum Tours","robots":{"index":"index","follow":"follow","max-snippet":"max-snippet:-1","max-image-preview":"max-image-preview:large","max-video-preview":"max-video-preview:-1"},"canonical":"https:\/\/www.wadirumtours.com\/fr\/404-2\/","og_locale":"fr_FR","og_type":"article","og_title":"404 - Wadi Rum Tours","og_url":"https:\/\/www.wadirumtours.com\/fr\/404-2\/","og_site_name":"Wadi Rum Tours","article_publisher":"https:\/\/www.facebook.com\/wadirum.tours\/","article_modified_time":"2026-05-02T15:21:48+00:00","twitter_card":"summary_large_image","twitter_misc":{"Dur\u00e9e de lecture estim\u00e9e":"1 minute"},"schema":{"@context":"https:\/\/schema.org","@graph":[{"@type":"WebPage","@id":"https:\/\/www.wadirumtours.com\/404-2\/","url":"https:\/\/www.wadirumtours.com\/404-2\/","name":"404 - Wadi Rum Tours","isPartOf":{"@id":"https:\/\/www.wadirumtours.com\/#website"},"datePublished":"2025-04-12T19:53:42+00:00","dateModified":"2026-05-02T15:21:48+00:00","breadcrumb":{"@id":"https:\/\/www.wadirumtours.com\/404-2\/#breadcrumb"},"inLanguage":"fr-FR","potentialAction":[{"@type":"ReadAction","target":["https:\/\/www.wadirumtours.com\/404-2\/"]}]},{"@type":"BreadcrumbList","@id":"https:\/\/www.wadirumtours.com\/404-2\/#breadcrumb","itemListElement":[{"@type":"ListItem","position":1,"name":"Home","item":"https:\/\/www.wadirumtours.com\/"},{"@type":"ListItem","position":2,"name":"404"}]},{"@type":"WebSite","@id":"https:\/\/www.wadirumtours.com\/#website","url":"https:\/\/www.wadirumtours.com\/","name":"Excursions dans le Wadi Rum","description":"V\u00c9RITABLE EXP\u00c9RIENCE DE CAMPING B\u00c9DOUIN, 10 CIRCUITS DIFF\u00c9RENTS","publisher":{"@id":"https:\/\/www.wadirumtours.com\/#organization"},"potentialAction":[{"@type":"SearchAction","target":{"@type":"EntryPoint","urlTemplate":"https:\/\/www.wadirumtours.com\/?s={search_term_string}"},"query-input":{"@type":"PropertyValueSpecification","valueRequired":true,"valueName":"search_term_string"}}],"inLanguage":"fr-FR"},{"@type":"Organization","@id":"https:\/\/www.wadirumtours.com\/#organization","name":"Excursions dans le Wadi Rum","url":"https:\/\/www.wadirumtours.com\/","logo":{"@type":"ImageObject","inLanguage":"fr-FR","@id":"https:\/\/www.wadirumtours.com\/#\/schema\/logo\/image\/","url":"https:\/\/www.wadirumtours.com\/wp-content\/uploads\/2025\/03\/logo-wadirum-removebg-preview.png","contentUrl":"https:\/\/www.wadirumtours.com\/wp-content\/uploads\/2025\/03\/logo-wadirum-removebg-preview.png","width":978,"height":255,"caption":"Wadi Rum Tours"},"image":{"@id":"https:\/\/www.wadirumtours.com\/#\/schema\/logo\/image\/"},"sameAs":["https:\/\/www.facebook.com\/wadirum.tours\/","https:\/\/www.instagram.com\/wadirumcampingtours\/"]}]}},"_links":{"self":[{"href":"https:\/\/www.wadirumtours.com\/fr\/wp-json\/wp\/v2\/pages\/810","targetHints":{"allow":["GET"]}}],"collection":[{"href":"https:\/\/www.wadirumtours.com\/fr\/wp-json\/wp\/v2\/pages"}],"about":[{"href":"https:\/\/www.wadirumtours.com\/fr\/wp-json\/wp\/v2\/types\/page"}],"author":[{"embeddable":true,"href":"https:\/\/www.wadirumtours.com\/fr\/wp-json\/wp\/v2\/users\/1"}],"replies":[{"embeddable":true,"href":"https:\/\/www.wadirumtours.com\/fr\/wp-json\/wp\/v2\/comments?post=810"}],"version-history":[{"count":6,"href":"https:\/\/www.wadirumtours.com\/fr\/wp-json\/wp\/v2\/pages\/810\/revisions"}],"predecessor-version":[{"id":1100,"href":"https:\/\/www.wadirumtours.com\/fr\/wp-json\/wp\/v2\/pages\/810\/revisions\/1100"}],"wp:attachment":[{"href":"https:\/\/www.wadirumtours.com\/fr\/wp-json\/wp\/v2\/media?parent=810"}],"curies":[{"name":"wp","href":"https:\/\/api.w.org\/{rel}","templated":true}]}}