{"id":641,"date":"2025-04-02T14:12:14","date_gmt":"2025-04-02T14:12:14","guid":{"rendered":"https:\/\/www.wadirumtours.com\/?page_id=641"},"modified":"2025-04-10T22:52:32","modified_gmt":"2025-04-10T22:52:32","slug":"contact-us","status":"publish","type":"page","link":"https:\/\/www.wadirumtours.com\/fr\/contact-us\/","title":{"rendered":"Contactez"},"content":{"rendered":"<div class=\"banner-grid-wrapper\">\n  <div id=\"banner-grid-1811222568\" class=\"banner-grid row row-grid row-xsmall\" data-packery-options=\"\">\n                      \n<div class=\"col grid-col small-12 large-3 grid-col-1\" ><div class=\"col-inner\">\n\n  <div class=\"banner has-hover\" id=\"banner-1271658719\">\n          <div class=\"banner-inner fill\">\n        <div class=\"banner-bg fill\" >\n            <img loading=\"lazy\" decoding=\"async\" width=\"526\" height=\"935\" src=\"https:\/\/www.wadirumtours.com\/wp-content\/uploads\/2025\/03\/ateek-1.jpg\" class=\"bg attachment-large size-large\" alt=\"\" \/>                                    \n                    <\/div>\n\t\t\n        <div class=\"banner-layers container\">\n            <div class=\"fill banner-link\"><\/div>            \n   <div id=\"text-box-943492611\" class=\"text-box banner-layer show-for-small x50 md-x50 lg-x50 y40 md-y40 lg-y40 res-text\">\n                                <div class=\"text-box-content text dark\">\n              \n              <div class=\"text-inner text-center\">\n                  \n<h3 ><span style=\"font-size: 120%;\">Contactez-nous<\/span><\/h3>\n              <\/div>\n           <\/div>\n                            \n<style>\n#text-box-943492611 .text-box-content {\n  background-color: rgba(2, 2, 2, 0.424);\n  font-size: 100%;\n}\n#text-box-943492611 .text-inner {\n  padding: 20px 20px 20px 20px;\n}\n#text-box-943492611 {\n  width: 80%;\n}\n<\/style>\n    <\/div>\n \n        <\/div>\n      <\/div>\n\n            \n<style>\n#banner-1271658719 {\n  padding-top: 500px;\n}\n<\/style>\n  <\/div>\n\n\n<\/div><\/div>\n<div class=\"col grid-col large-6 grid-col-1 hide-for-small\" ><div class=\"col-inner\">\n\n  <div class=\"banner has-hover\" id=\"banner-1362111857\">\n          <div class=\"banner-inner fill\">\n        <div class=\"banner-bg fill\" >\n            <img loading=\"lazy\" decoding=\"async\" width=\"1020\" height=\"765\" src=\"https:\/\/www.wadirumtours.com\/wp-content\/uploads\/2025\/03\/image00082-2-1-2000x1500.jpeg\" class=\"bg attachment-large size-large\" alt=\"\" \/>                                    \n                    <\/div>\n\t\t\n        <div class=\"banner-layers container\">\n            <div class=\"fill banner-link\"><\/div>            \n   <div id=\"text-box-758052706\" class=\"text-box banner-layer hide-for-small x50 md-x50 lg-x50 y40 md-y40 lg-y40 res-text\">\n                                <div class=\"text-box-content text dark\">\n              \n              <div class=\"text-inner text-center\">\n                  \n<h2 ><span style=\"font-size: 200%;\">Contactez-nous<\/strong><\/h2>\n              <\/div>\n           <\/div>\n                            \n<style>\n#text-box-758052706 .text-box-content {\n  background-color: rgba(2, 2, 2, 0.424);\n  font-size: 100%;\n}\n#text-box-758052706 .text-inner {\n  padding: 20px 20px 20px 20px;\n}\n#text-box-758052706 {\n  width: 80%;\n}\n<\/style>\n    <\/div>\n \n        <\/div>\n      <\/div>\n\n            \n<style>\n#banner-1362111857 {\n  padding-top: 500px;\n}\n<\/style>\n  <\/div>\n\n\n<\/div><\/div>\n<div class=\"col grid-col large-3 grid-col-1 hide-for-small\" ><div class=\"col-inner\">\n\n  <div class=\"banner has-hover\" id=\"banner-1121793645\">\n          <div class=\"banner-inner fill\">\n        <div class=\"banner-bg fill\" >\n            <img loading=\"lazy\" decoding=\"async\" width=\"1020\" height=\"680\" src=\"https:\/\/www.wadirumtours.com\/wp-content\/uploads\/2025\/03\/image00097-2000x1334.jpeg\" class=\"bg attachment-large size-large\" alt=\"\" \/>                                    \n                    <\/div>\n\t\t\n        <div class=\"banner-layers container\">\n            <div class=\"fill banner-link\"><\/div>            \n   <div id=\"text-box-135464707\" class=\"text-box banner-layer x50 md-x50 lg-x50 y50 md-y50 lg-y50 res-text\">\n                                <div class=\"text-box-content text dark\">\n              \n              <div class=\"text-inner text-center\">\n                  \n              <\/div>\n           <\/div>\n                            \n<style>\n#text-box-135464707 {\n  width: 60%;\n}\n#text-box-135464707 .text-box-content {\n  font-size: 100%;\n}\n@media (min-width:550px) {\n  #text-box-135464707 {\n    width: 60%;\n  }\n}\n<\/style>\n    <\/div>\n \n        <\/div>\n      <\/div>\n\n            \n<style>\n#banner-1121793645 {\n  padding-top: 500px;\n}\n<\/style>\n  <\/div>\n\n\n<\/div><\/div>\n            <\/div>\n    <style>\n    #banner-grid-1811222568 .grid-col-1{height: 496px}\n    #banner-grid-1811222568 .grid-col-1-2{height: 248px}\n    #banner-grid-1811222568 .grid-col-1-3{height:165.33333333333px}\n    #banner-grid-1811222568 .grid-col-2-3{height: 330.66666666667px}\n    #banner-grid-1811222568 .grid-col-1-4{height: 124px}\n    #banner-grid-1811222568 .grid-col-3-4{height: 372px}\n\n\n    \n    \n\n  <\/style>\n    <\/div>\n  \n<div class=\"row row-large\" style=\"max-width:1400px\" id=\"row-1338614358\">\n\n\t<div id=\"col-6629784\" class=\"col small-12 large-12\"  >\n\t\t\t\t<div class=\"col-inner\" style=\"background-color:rgb(255, 255, 255);\" >\n\t\t\t\n\t\t\t\n<div class=\"row row-collapse row-full-width\"  id=\"row-1436204126\">\n\n\t<div id=\"col-988729041\" class=\"col medium-12 small-12 large-6\"  >\n\t\t\t\t<div class=\"col-inner\"  >\n\t\t\t\n\t\t\t\n<h2><span style=\"font-size: 120%; color: #ed1c24;\">Contactez<\/span><\/h2>\n<p data-spm-anchor-id=\"a2ty_o01.29997173.0.i12.5c6cc921Nn5lL6\">Si vous avez des questions sur <strong>Camp de safari de Saleh <\/strong>ou nos visites guid\u00e9es de <strong>Wadi Rum <\/strong>Nous sommes l\u00e0 pour vous aider\u00a0! Vous pouvez nous contacter via les options ci-dessous.<\/p>\n<p>Que vous planifiez votre aventure ou que vous cherchiez \u00e0 personnaliser votre voyage, nous sommes pr\u00eats \u00e0 vous aider \u00e0 chaque \u00e9tape du processus.<\/p>\n<p data-spm-anchor-id=\"a2ty_o01.29997173.0.i13.5c6cc921Nn5lL6\">\u00a0<\/p>\n\t<div id=\"gap-1593428001\" class=\"gap-element clearfix\" style=\"display:block; height:auto;\">\n\t\t\n<style>\n#gap-1593428001 {\n  padding-top: 20px;\n}\n@media (min-width:550px) {\n  #gap-1593428001 {\n    padding-top: 20px;\n  }\n}\n@media (min-width:850px) {\n  #gap-1593428001 {\n    padding-top: 30px;\n  }\n}\n<\/style>\n\t<\/div>\n\t\n<div class=\"row\"  id=\"row-442853900\">\n\n\t<div id=\"col-1327306146\" class=\"col medium-6 small-12 large-6\"  >\n\t\t\t\t<div class=\"col-inner\"  >\n\t\t\t\n\t\t\t\n<h3 class=\"uppercase\">WhatsApp<\/h3>\n<a href=\"https:\/\/wa.me\/962795445966\" target=\"_blank\" class=\"button primary lowercase\" rel=\"noopener\" >\n\t<i class=\"icon-whatsapp\" aria-hidden=\"true\"><\/i>\t<span>Discutez avec nous<\/span>\n\t<\/a>\n\n\t\t<\/div>\n\t\t\t\t\t<\/div>\n\n\t\n\n\t<div id=\"col-1658474\" class=\"col medium-6 small-12 large-6\"  >\n\t\t\t\t<div class=\"col-inner\"  >\n\t\t\t\n\t\t\t\n<h3 class=\"uppercase\">t\u00e9l\u00e9phone<\/h3>\n<a href=\"tel:+962795445966\" class=\"button primary lowercase\" >\n\t<i class=\"icon-phone\" aria-hidden=\"true\"><\/i>\t<span>Appelez-nous<\/span>\n\t<\/a>\n\n\t\t<\/div>\n\t\t\t\t\t<\/div>\n\n\t\n<\/div>\n\t\t<\/div>\n\t\t\t\t\n<style>\n#col-988729041 > .col-inner {\n  padding: 0px 0px 0px 20px;\n}\n<\/style>\n\t<\/div>\n\n\t\n\n\t<div id=\"col-689633935\" class=\"col medium-12 small-12 large-6\"  >\n\t\t\t\t<div class=\"col-inner\"  >\n\t\t\t\n\t\t\t\n<h2><span style=\"font-size: 120%; color: #ed1c24;\">Poser une question<\/span><\/h2>\n<div class=\"forminator-ui forminator-custom-form forminator-custom-form-587 forminator-design--default  forminator_ajax\" data-forminator-render=\"0\" data-form=\"forminator-module-587\" data-uid=\"69fbf3082a3fd\"><br\/><\/div><form\n\t\t\t\tid=\"forminator-module-587\"\n\t\t\t\tclass=\"forminator-ui forminator-custom-form forminator-custom-form-587 forminator-design--default  forminator_ajax\"\n\t\t\t\tmethod=\"post\"\n\t\t\t\tdata-forminator-render=\"0\"\n\t\t\t\tdata-form-id=\"587\"\n\t\t\t\t data-color-option=\"theme\" data-design=\"default\" data-grid=\"open\" style=\"display: none;\"\n\t\t\t\tdata-uid=\"69fbf3082a3fd\" action=\"\"\n\t\t\t><div role=\"alert\" aria-live=\"polite\" class=\"forminator-response-message forminator-error\" aria-hidden=\"true\"><\/div><div class=\"forminator-row\"><div id=\"name-1\" class=\"forminator-field-name forminator-col forminator-col-12\"><div class=\"forminator-field\"><label for=\"forminator-field-name-1_69fbf3082a3fd\" id=\"forminator-field-name-1_69fbf3082a3fd-label\" class=\"forminator-label\">Pr\u00e9nom <span class=\"forminator-required\">*<\/span><\/label><input type=\"text\" name=\"name-1\" value=\"\" placeholder=\"Par exemple, John\" id=\"forminator-field-name-1_69fbf3082a3fd\" class=\"forminator-input forminator-name--field\" aria-required=\"true\" autocomplete=\"name\" \/><\/div><\/div><\/div><div class=\"forminator-row\"><div id=\"email-1\" class=\"forminator-field-email forminator-col forminator-col-12\"><div class=\"forminator-field\"><label for=\"forminator-field-email-1_69fbf3082a3fd\" id=\"forminator-field-email-1_69fbf3082a3fd-label\" class=\"forminator-label\">Adresse email <span class=\"forminator-required\">*<\/span><\/label><input type=\"email\" name=\"email-1\" value=\"\" placeholder=\"Par exemple john@doe.com\" id=\"forminator-field-email-1_69fbf3082a3fd\" class=\"forminator-input forminator-email--field\" data-required=\"true\" aria-required=\"true\" autocomplete=\"email\" \/><\/div><\/div><\/div><div class=\"forminator-row\"><div id=\"phone-1\" class=\"forminator-field-phone forminator-col forminator-col-12\"><div class=\"forminator-field\"><label for=\"forminator-field-phone-1_69fbf3082a3fd\" id=\"forminator-field-phone-1_69fbf3082a3fd-label\" class=\"forminator-label\">Num\u00e9ro de t\u00e9l\u00e9phone<\/label><input type=\"text\" name=\"phone-1\" value=\"\" placeholder=\"Par exemple +1 3004005000\" id=\"forminator-field-phone-1_69fbf3082a3fd\" class=\"forminator-input forminator-field--phone\" data-required=\"\" aria-required=\"false\" autocomplete=\"off\" \/><\/div><\/div><\/div><div class=\"forminator-row\"><div id=\"textarea-1\" class=\"forminator-field-textarea forminator-col forminator-col-12\"><div class=\"forminator-field\"><label for=\"forminator-field-textarea-1_69fbf3082a3fd\" id=\"forminator-field-textarea-1_69fbf3082a3fd-label\" class=\"forminator-label\">Message<\/label><span id=\"forminator-field-textarea-1_69fbf3082a3fd-description\" class=\"forminator-description\"><span data-limit=\"1400\" data-type=\"characters\" data-editor=\"\">0 \/ 1400<\/span><\/span><textarea name=\"textarea-1\" placeholder=\"Entrez votre message...\" id=\"forminator-field-textarea-1_69fbf3082a3fd\" class=\"forminator-textarea\" rows=\"6\" style=\"--forminator-textarea-min-height:140px;\" maxlength=\"1400\" ><\/textarea><\/div><\/div><\/div><div class=\"forminator-row\" style=\"margin: 0;\"><div id=\"captcha-1\" class=\"forminator-field-captcha  forminator-col-12\"><div class=\"forminator-captcha-left forminator-g-recaptcha recaptcha-invisible\" data-theme=\"light\" data-badge=\"bottomright\" data-sitekey=\"6Ldm_YUUAAAAABkhclLggf5iYiYo0SQzViQ7JHnl\" data-size=\"invisible\"><\/div> <\/div><\/div><input type=\"hidden\" name=\"referer_url\" value=\"\" \/><div class=\"forminator-row forminator-row-last\"><div class=\"forminator-col\"><div class=\"forminator-field\"><button class=\"forminator-button forminator-button-submit\">Envoyer un message<\/button><\/div><\/div><\/div><input type=\"hidden\" id=\"forminator_nonce\" name=\"forminator_nonce\" value=\"8c84108e91\" \/><input type=\"hidden\" name=\"_wp_http_referer\" value=\"\/fr\/wp-json\/wp\/v2\/pages\/641\" \/><input type=\"hidden\" name=\"form_id\" value=\"587\"><input type=\"hidden\" name=\"page_id\" value=\"641\"><input type=\"hidden\" name=\"form_type\" value=\"default\"><input type=\"hidden\" name=\"current_url\" value=\"https:\/\/www.wadirumtours.com\/fr\/contact-us\/\"><input type=\"hidden\" name=\"render_id\" value=\"0\"><input type=\"hidden\" name=\"action\" value=\"forminator_submit_form_custom-forms\"><label for=\"input_5\" class=\"forminator-hidden\" aria-hidden=\"true\">Veuillez ne pas remplir ce champ. <input id=\"input_5\" type=\"text\" name=\"input_5\" value=\"\" autocomplete=\"off\"><\/label><input type=\"hidden\" name=\"trp-form-language\" value=\"fr\"\/><\/form>\n\t\t<\/div>\n\t\t\t\t\t<\/div>\n\n\t\n\n<style>\n#row-1436204126 > .col > .col-inner {\n  padding: 0px 15px 0px 15px;\n}\n<\/style>\n<\/div>\n\t\t<\/div>\n\t\t\t\t\n<style>\n#col-6629784 > .col-inner {\n  padding: 50px 20px 0px 20px;\n  margin: -0 0px 0px 0px;\n}\n@media (min-width:550px) {\n  #col-6629784 > .col-inner {\n    padding: 50px 20px 30px 20px;\n    margin: 0 0px 0px 0px;\n  }\n}\n@media (min-width:850px) {\n  #col-6629784 > .col-inner {\n    padding: 0px 5% 16px 5%;\n  }\n}\n<\/style>\n\t<\/div>\n\n\t\n<\/div>\n\n<style>\n  \/* Style for the iframe container *\/\n  .map-container {\n    width: 100%; \/* Full width of the container *\/\n    height: 500px; \/* Set the height of the map *\/\n    border: none; \/* Remove iframe borders *\/\npadding:0 2%\n  }\n#forminator-module-587{margin-top:0px}\n<\/style>\n<p><!-- Embedded Google Map in Satellite View --><br \/>\n<iframe\n  class=\"map-container\"\n  src=\"https:\/\/www.google.com\/maps\/embed?pb=!1m18!1m12!1m3!1d3679.340721872617!2d35.4093534!3d29.5157063!2m3!1f0!2f0!3f0!3m2!1i1024!2i768!4f13.1!3m3!1m2!1s0x15009217f909d7ff%3A0xeb96ecaa070abda0!2sWadi%20Rum%20Tours%20(%20Saleh%27s%20Safari%20Camp)!5e1!3m2!1sen!2s!4v1697123456789!5m2!1sen!2s\"\n  allowfullscreen=\"\"\n  loading=\"lazy\"><br \/>\n<\/iframe><br \/>","protected":false},"excerpt":{"rendered":"","protected":false},"author":1,"featured_media":0,"parent":0,"menu_order":0,"comment_status":"closed","ping_status":"closed","template":"page-blank.php","meta":{"footnotes":""},"class_list":["post-641","page","type-page","status-publish","hentry"],"yoast_head":"<!-- This site is optimized with the Yoast SEO plugin v27.5 - https:\/\/yoast.com\/product\/yoast-seo-wordpress\/ -->\n<title>Contact Us - Wadi Rum Tours<\/title>\n<meta name=\"robots\" content=\"index, follow, max-snippet:-1, max-image-preview:large, max-video-preview:-1\" \/>\n<link rel=\"canonical\" href=\"https:\/\/www.wadirumtours.com\/fr\/contact-us\/\" \/>\n<meta property=\"og:locale\" content=\"fr_FR\" \/>\n<meta property=\"og:type\" content=\"article\" \/>\n<meta property=\"og:title\" content=\"Contact Us - Wadi Rum Tours\" \/>\n<meta property=\"og:url\" content=\"https:\/\/www.wadirumtours.com\/fr\/contact-us\/\" \/>\n<meta property=\"og:site_name\" content=\"Wadi Rum Tours\" \/>\n<meta property=\"article:publisher\" content=\"https:\/\/www.facebook.com\/wadirum.tours\/\" \/>\n<meta property=\"article:modified_time\" content=\"2025-04-10T22:52:32+00:00\" \/>\n<meta name=\"twitter:card\" content=\"summary_large_image\" \/>\n<meta name=\"twitter:label1\" content=\"Dur\u00e9e de lecture estim\u00e9e\" \/>\n\t<meta name=\"twitter:data1\" content=\"2 minutes\" \/>\n<script type=\"application\/ld+json\" class=\"yoast-schema-graph\">{\"@context\":\"https:\\\/\\\/schema.org\",\"@graph\":[{\"@type\":\"WebPage\",\"@id\":\"https:\\\/\\\/www.wadirumtours.com\\\/contact-us\\\/\",\"url\":\"https:\\\/\\\/www.wadirumtours.com\\\/contact-us\\\/\",\"name\":\"Contact Us - Wadi Rum Tours\",\"isPartOf\":{\"@id\":\"https:\\\/\\\/www.wadirumtours.com\\\/#website\"},\"datePublished\":\"2025-04-02T14:12:14+00:00\",\"dateModified\":\"2025-04-10T22:52:32+00:00\",\"breadcrumb\":{\"@id\":\"https:\\\/\\\/www.wadirumtours.com\\\/contact-us\\\/#breadcrumb\"},\"inLanguage\":\"fr-FR\",\"potentialAction\":[{\"@type\":\"ReadAction\",\"target\":[\"https:\\\/\\\/www.wadirumtours.com\\\/contact-us\\\/\"]}]},{\"@type\":\"BreadcrumbList\",\"@id\":\"https:\\\/\\\/www.wadirumtours.com\\\/contact-us\\\/#breadcrumb\",\"itemListElement\":[{\"@type\":\"ListItem\",\"position\":1,\"name\":\"Home\",\"item\":\"https:\\\/\\\/www.wadirumtours.com\\\/\"},{\"@type\":\"ListItem\",\"position\":2,\"name\":\"Contact Us\"}]},{\"@type\":\"WebSite\",\"@id\":\"https:\\\/\\\/www.wadirumtours.com\\\/#website\",\"url\":\"https:\\\/\\\/www.wadirumtours.com\\\/\",\"name\":\"Wadi Rum Tours\",\"description\":\"REAL BEDOUIN CAMPING EXPERIENCE, 10 DIFFERENT TOURS\",\"publisher\":{\"@id\":\"https:\\\/\\\/www.wadirumtours.com\\\/#organization\"},\"potentialAction\":[{\"@type\":\"SearchAction\",\"target\":{\"@type\":\"EntryPoint\",\"urlTemplate\":\"https:\\\/\\\/www.wadirumtours.com\\\/?s={search_term_string}\"},\"query-input\":{\"@type\":\"PropertyValueSpecification\",\"valueRequired\":true,\"valueName\":\"search_term_string\"}}],\"inLanguage\":\"fr-FR\"},{\"@type\":\"Organization\",\"@id\":\"https:\\\/\\\/www.wadirumtours.com\\\/#organization\",\"name\":\"Wadi Rum Tours\",\"url\":\"https:\\\/\\\/www.wadirumtours.com\\\/\",\"logo\":{\"@type\":\"ImageObject\",\"inLanguage\":\"fr-FR\",\"@id\":\"https:\\\/\\\/www.wadirumtours.com\\\/#\\\/schema\\\/logo\\\/image\\\/\",\"url\":\"https:\\\/\\\/www.wadirumtours.com\\\/wp-content\\\/uploads\\\/2025\\\/03\\\/logo-wadirum-removebg-preview.png\",\"contentUrl\":\"https:\\\/\\\/www.wadirumtours.com\\\/wp-content\\\/uploads\\\/2025\\\/03\\\/logo-wadirum-removebg-preview.png\",\"width\":978,\"height\":255,\"caption\":\"Wadi Rum Tours\"},\"image\":{\"@id\":\"https:\\\/\\\/www.wadirumtours.com\\\/#\\\/schema\\\/logo\\\/image\\\/\"},\"sameAs\":[\"https:\\\/\\\/www.facebook.com\\\/wadirum.tours\\\/\",\"https:\\\/\\\/www.instagram.com\\\/wadirumcampingtours\\\/\"]}]}<\/script>\n<!-- \/ Yoast SEO plugin. -->","yoast_head_json":{"title":"Contactez-nous - Excursions dans le Wadi Rum","robots":{"index":"index","follow":"follow","max-snippet":"max-snippet:-1","max-image-preview":"max-image-preview:large","max-video-preview":"max-video-preview:-1"},"canonical":"https:\/\/www.wadirumtours.com\/fr\/contact-us\/","og_locale":"fr_FR","og_type":"article","og_title":"Contact Us - Wadi Rum Tours","og_url":"https:\/\/www.wadirumtours.com\/fr\/contact-us\/","og_site_name":"Wadi Rum Tours","article_publisher":"https:\/\/www.facebook.com\/wadirum.tours\/","article_modified_time":"2025-04-10T22:52:32+00:00","twitter_card":"summary_large_image","twitter_misc":{"Dur\u00e9e de lecture estim\u00e9e":"2 minutes"},"schema":{"@context":"https:\/\/schema.org","@graph":[{"@type":"WebPage","@id":"https:\/\/www.wadirumtours.com\/contact-us\/","url":"https:\/\/www.wadirumtours.com\/contact-us\/","name":"Contactez-nous - Excursions dans le Wadi Rum","isPartOf":{"@id":"https:\/\/www.wadirumtours.com\/#website"},"datePublished":"2025-04-02T14:12:14+00:00","dateModified":"2025-04-10T22:52:32+00:00","breadcrumb":{"@id":"https:\/\/www.wadirumtours.com\/contact-us\/#breadcrumb"},"inLanguage":"fr-FR","potentialAction":[{"@type":"ReadAction","target":["https:\/\/www.wadirumtours.com\/contact-us\/"]}]},{"@type":"BreadcrumbList","@id":"https:\/\/www.wadirumtours.com\/contact-us\/#breadcrumb","itemListElement":[{"@type":"ListItem","position":1,"name":"Home","item":"https:\/\/www.wadirumtours.com\/"},{"@type":"ListItem","position":2,"name":"Contact Us"}]},{"@type":"WebSite","@id":"https:\/\/www.wadirumtours.com\/#website","url":"https:\/\/www.wadirumtours.com\/","name":"Excursions dans le Wadi Rum","description":"V\u00c9RITABLE EXP\u00c9RIENCE DE CAMPING B\u00c9DOUIN, 10 CIRCUITS DIFF\u00c9RENTS","publisher":{"@id":"https:\/\/www.wadirumtours.com\/#organization"},"potentialAction":[{"@type":"SearchAction","target":{"@type":"EntryPoint","urlTemplate":"https:\/\/www.wadirumtours.com\/?s={search_term_string}"},"query-input":{"@type":"PropertyValueSpecification","valueRequired":true,"valueName":"search_term_string"}}],"inLanguage":"fr-FR"},{"@type":"Organization","@id":"https:\/\/www.wadirumtours.com\/#organization","name":"Excursions dans le Wadi Rum","url":"https:\/\/www.wadirumtours.com\/","logo":{"@type":"ImageObject","inLanguage":"fr-FR","@id":"https:\/\/www.wadirumtours.com\/#\/schema\/logo\/image\/","url":"https:\/\/www.wadirumtours.com\/wp-content\/uploads\/2025\/03\/logo-wadirum-removebg-preview.png","contentUrl":"https:\/\/www.wadirumtours.com\/wp-content\/uploads\/2025\/03\/logo-wadirum-removebg-preview.png","width":978,"height":255,"caption":"Wadi Rum Tours"},"image":{"@id":"https:\/\/www.wadirumtours.com\/#\/schema\/logo\/image\/"},"sameAs":["https:\/\/www.facebook.com\/wadirum.tours\/","https:\/\/www.instagram.com\/wadirumcampingtours\/"]}]}},"_links":{"self":[{"href":"https:\/\/www.wadirumtours.com\/fr\/wp-json\/wp\/v2\/pages\/641","targetHints":{"allow":["GET"]}}],"collection":[{"href":"https:\/\/www.wadirumtours.com\/fr\/wp-json\/wp\/v2\/pages"}],"about":[{"href":"https:\/\/www.wadirumtours.com\/fr\/wp-json\/wp\/v2\/types\/page"}],"author":[{"embeddable":true,"href":"https:\/\/www.wadirumtours.com\/fr\/wp-json\/wp\/v2\/users\/1"}],"replies":[{"embeddable":true,"href":"https:\/\/www.wadirumtours.com\/fr\/wp-json\/wp\/v2\/comments?post=641"}],"version-history":[{"count":21,"href":"https:\/\/www.wadirumtours.com\/fr\/wp-json\/wp\/v2\/pages\/641\/revisions"}],"predecessor-version":[{"id":784,"href":"https:\/\/www.wadirumtours.com\/fr\/wp-json\/wp\/v2\/pages\/641\/revisions\/784"}],"wp:attachment":[{"href":"https:\/\/www.wadirumtours.com\/fr\/wp-json\/wp\/v2\/media?parent=641"}],"curies":[{"name":"wp","href":"https:\/\/api.w.org\/{rel}","templated":true}]}}