{"id":633,"date":"2025-04-01T20:42:45","date_gmt":"2025-04-01T20:42:45","guid":{"rendered":"https:\/\/www.wadirumtours.com\/?page_id=633"},"modified":"2025-12-16T17:08:20","modified_gmt":"2025-12-16T17:08:20","slug":"about","status":"publish","type":"page","link":"https:\/\/www.wadirumtours.com\/fr\/about\/","title":{"rendered":"\u00c0 propos"},"content":{"rendered":"<h1 data-path-to-node=\"2\">\u00c0 propos des excursions dans le Wadi Rum<\/h1>\n<p data-path-to-node=\"3\">Bienvenue \u00e0 <b>Excursions dans le Wadi Rum<\/b>, votre porte d&#039;entr\u00e9e au c\u0153ur du d\u00e9sert jordanien. Situ\u00e9 dans le l\u00e9gendaire <b>Montagne Khazali<\/b> Dans la zone prot\u00e9g\u00e9e du Wadi Rum, nous sommes une \u00e9quipe de guides b\u00e9douins locaux, passionn\u00e9s par le partage de la magie, de l&#039;histoire et de la beaut\u00e9 brute de notre terre ancestrale avec le monde entier.<\/p>\n<h3 data-path-to-node=\"4\">Notre foyer : le mont Khazali<\/h3>\n<p data-path-to-node=\"5\">Contrairement \u00e0 de nombreux camps situ\u00e9s pr\u00e8s du village anim\u00e9, notre camp est nich\u00e9 au c\u0153ur de la r\u00e9serve, au pied de l&#039;embl\u00e9matique <b>Montagne Khazali<\/b>. Ce lieu offre \u00e0 nos h\u00f4tes une vue imprenable sur certaines des inscriptions nabat\u00e9ennes antiques les plus c\u00e9l\u00e8bres et sur les couchers de soleil les plus \u00e9poustouflants de tout le d\u00e9sert. S\u00e9journer chez nous, c&#039;est se r\u00e9veiller entour\u00e9 d&#039;imposantes falaises de gr\u00e8s et berc\u00e9 par le silence paisible d&#039;une nature sauvage pr\u00e9serv\u00e9e.<\/p>\n<h3 data-path-to-node=\"6\">Exp\u00e9riences b\u00e9douines authentiques<\/h3>\n<p data-path-to-node=\"7\">Chez Wadi Rum Tours, nous ne nous contentons pas de vous montrer le d\u00e9sert\u00a0; nous vous invitons \u00e0 le vivre. Nos circuits sont con\u00e7us pour \u00eatre immersifs, instructifs et inoubliables.<\/p>\n<ul data-path-to-node=\"8\">\n<li>\n<p data-path-to-node=\"8,0,0\"><b>Safaris en Jeep 4\u00d74\u00a0:<\/b> Vivez des sensations fortes en parcourant des dunes de sable dor\u00e9 et en visitant des vall\u00e9es cach\u00e9es, des arches anciennes et des paysages rendus c\u00e9l\u00e8bres par le cin\u00e9ma.<\/p>\n<\/li>\n<li>\n<p data-path-to-node=\"8,1,0\"><b>Randonn\u00e9es en montagne et escalade :<\/b> Des sentiers paisibles autour de Khazali au sommet exigeant de <b>Jabal Umm ad Dami<\/b> (Le plus haut sommet de Jordanie), nos guides experts vous garantissent une aventure s\u00fbre et exaltante.<\/p>\n<\/li>\n<li>\n<p data-path-to-node=\"8,2,0\"><b>Traditions b\u00e9douines :<\/b> D\u00e9couvrez les secrets du d\u00e9sert gr\u00e2ce \u00e0 des activit\u00e9s pratiques. <b>cuisine b\u00e9douine<\/b>, o\u00f9 nous pr\u00e9parons des plats traditionnels comme <i>Zarb<\/i> (Cuit sous terre). Profitez de soir\u00e9es autour du feu avec des contes, de la musique traditionnelle et d&#039;innombrables tasses de th\u00e9 b\u00e9douin.<\/p>\n<\/li>\n<li>\n<p data-path-to-node=\"8,3,0\"><b>Randonn\u00e9es et voyages sur mesure\u00a0:<\/b> Que vous souhaitiez explorer le \u201c\u00a0d\u00e9sert blanc\u00a0\u201d lors d&#039;un trek de plusieurs jours ou que vous pr\u00e9f\u00e9riez <b>randonn\u00e9e ind\u00e9pendante<\/b> Gr\u00e2ce \u00e0 notre r\u00e9seau logistique sp\u00e9cialis\u00e9 dans le d\u00e9sert, nous vous offrons la flexibilit\u00e9 n\u00e9cessaire pour personnaliser votre voyage \u00e0 votre rythme exact.<\/p>\n<\/li>\n<\/ul>\n<h3 data-path-to-node=\"9\">Notre philosophie<\/h3>\n<p data-path-to-node=\"10\">Nous croyons au \u201c luxe simple \u201d, qui allie l&#039;authenticit\u00e9 de la vie b\u00e9douine au confort dont vous avez besoin. Notre campement propose des tentes priv\u00e9es confortables, des sanitaires propres avec eau chaude et une tente commune chaleureuse pour partager repas et r\u00e9cits. Nous nous engageons \u00e0 <b>tourisme \u00e9cologique<\/b>, en utilisant l&#039;\u00e9nergie solaire pour alimenter notre camp et en prot\u00e9geant l&#039;\u00e9cosyst\u00e8me fragile de la r\u00e9serve de Wadi Rum.<\/p>\n<h3 data-path-to-node=\"11\">Pourquoi nous choisir ?<\/h3>\n<ul data-path-to-node=\"12\">\n<li>\n<p data-path-to-node=\"12,0,0\"><b>Connaissances locales :<\/b> En tant que B\u00e9douins n\u00e9s et \u00e9lev\u00e9s dans ce d\u00e9sert, nous connaissons chaque canyon cach\u00e9 et chaque point de vue secret.<\/p>\n<\/li>\n<li>\n<p data-path-to-node=\"12,1,0\"><b>Service personnalis\u00e9\u00a0:<\/b> Nous limitons la taille de nos groupes et proposons des itin\u00e9raires flexibles afin de vous garantir l&#039;exp\u00e9rience dont vous avez toujours r\u00eav\u00e9.<\/p>\n<\/li>\n<li>\n<p data-path-to-node=\"12,2,0\"><b>Paix et intimit\u00e9 :<\/b> Notre emplacement dans la r\u00e9gion de Khazali est loin des circuits touristiques fr\u00e9quent\u00e9s, vous offrant une v\u00e9ritable escapade en plein d\u00e9sert.<\/p>\n<\/li>\n<\/ul>\n<p data-path-to-node=\"13\">Rejoignez-nous \u00e0 <b>Excursions dans le Wadi Rum<\/b> Pour une aventure qui va bien au-del\u00e0 du simple tourisme. Venez en visiteur, repartez en ami du d\u00e9sert.<\/p>","protected":false},"excerpt":{"rendered":"<p>About Wadi Rum Tours Welcome to Wadi Rum Tours, your gateway to the heart of the Jordanian desert. Based in the legendary Khazali Mountain area of the Wadi Rum Protected Area, we are a team of local Bedouin guides dedicated to sharing the magic, history, and raw beauty of our ancestral home with the world. [&#8230;]\n","protected":false},"author":1,"featured_media":0,"parent":0,"menu_order":0,"comment_status":"closed","ping_status":"closed","template":"","meta":{"footnotes":""},"class_list":["post-633","page","type-page","status-publish","hentry"],"yoast_head":"<!-- This site is optimized with the Yoast SEO plugin v27.5 - https:\/\/yoast.com\/product\/yoast-seo-wordpress\/ -->\n<title>About - Wadi Rum Tours<\/title>\n<meta name=\"robots\" content=\"index, follow, max-snippet:-1, max-image-preview:large, max-video-preview:-1\" \/>\n<link rel=\"canonical\" href=\"https:\/\/www.wadirumtours.com\/fr\/about\/\" \/>\n<meta property=\"og:locale\" content=\"fr_FR\" \/>\n<meta property=\"og:type\" content=\"article\" \/>\n<meta property=\"og:title\" content=\"About - Wadi Rum Tours\" \/>\n<meta property=\"og:description\" content=\"About Wadi Rum Tours Welcome to Wadi Rum Tours, your gateway to the heart of the Jordanian desert. Based in the legendary Khazali Mountain area of the Wadi Rum Protected Area, we are a team of local Bedouin guides dedicated to sharing the magic, history, and raw beauty of our ancestral home with the world. [...]\" \/>\n<meta property=\"og:url\" content=\"https:\/\/www.wadirumtours.com\/fr\/about\/\" \/>\n<meta property=\"og:site_name\" content=\"Wadi Rum Tours\" \/>\n<meta property=\"article:publisher\" content=\"https:\/\/www.facebook.com\/wadirum.tours\/\" \/>\n<meta property=\"article:modified_time\" content=\"2025-12-16T17:08:20+00:00\" \/>\n<meta name=\"twitter:card\" content=\"summary_large_image\" \/>\n<meta name=\"twitter:label1\" content=\"Dur\u00e9e de lecture estim\u00e9e\" \/>\n\t<meta name=\"twitter:data1\" content=\"2 minutes\" \/>\n<script type=\"application\/ld+json\" class=\"yoast-schema-graph\">{\"@context\":\"https:\\\/\\\/schema.org\",\"@graph\":[{\"@type\":\"WebPage\",\"@id\":\"https:\\\/\\\/www.wadirumtours.com\\\/about\\\/\",\"url\":\"https:\\\/\\\/www.wadirumtours.com\\\/about\\\/\",\"name\":\"About - Wadi Rum Tours\",\"isPartOf\":{\"@id\":\"https:\\\/\\\/www.wadirumtours.com\\\/#website\"},\"datePublished\":\"2025-04-01T20:42:45+00:00\",\"dateModified\":\"2025-12-16T17:08:20+00:00\",\"breadcrumb\":{\"@id\":\"https:\\\/\\\/www.wadirumtours.com\\\/about\\\/#breadcrumb\"},\"inLanguage\":\"fr-FR\",\"potentialAction\":[{\"@type\":\"ReadAction\",\"target\":[\"https:\\\/\\\/www.wadirumtours.com\\\/about\\\/\"]}]},{\"@type\":\"BreadcrumbList\",\"@id\":\"https:\\\/\\\/www.wadirumtours.com\\\/about\\\/#breadcrumb\",\"itemListElement\":[{\"@type\":\"ListItem\",\"position\":1,\"name\":\"Home\",\"item\":\"https:\\\/\\\/www.wadirumtours.com\\\/\"},{\"@type\":\"ListItem\",\"position\":2,\"name\":\"About\"}]},{\"@type\":\"WebSite\",\"@id\":\"https:\\\/\\\/www.wadirumtours.com\\\/#website\",\"url\":\"https:\\\/\\\/www.wadirumtours.com\\\/\",\"name\":\"Wadi Rum Tours\",\"description\":\"REAL BEDOUIN CAMPING EXPERIENCE, 10 DIFFERENT TOURS\",\"publisher\":{\"@id\":\"https:\\\/\\\/www.wadirumtours.com\\\/#organization\"},\"potentialAction\":[{\"@type\":\"SearchAction\",\"target\":{\"@type\":\"EntryPoint\",\"urlTemplate\":\"https:\\\/\\\/www.wadirumtours.com\\\/?s={search_term_string}\"},\"query-input\":{\"@type\":\"PropertyValueSpecification\",\"valueRequired\":true,\"valueName\":\"search_term_string\"}}],\"inLanguage\":\"fr-FR\"},{\"@type\":\"Organization\",\"@id\":\"https:\\\/\\\/www.wadirumtours.com\\\/#organization\",\"name\":\"Wadi Rum Tours\",\"url\":\"https:\\\/\\\/www.wadirumtours.com\\\/\",\"logo\":{\"@type\":\"ImageObject\",\"inLanguage\":\"fr-FR\",\"@id\":\"https:\\\/\\\/www.wadirumtours.com\\\/#\\\/schema\\\/logo\\\/image\\\/\",\"url\":\"https:\\\/\\\/www.wadirumtours.com\\\/wp-content\\\/uploads\\\/2025\\\/03\\\/logo-wadirum-removebg-preview.png\",\"contentUrl\":\"https:\\\/\\\/www.wadirumtours.com\\\/wp-content\\\/uploads\\\/2025\\\/03\\\/logo-wadirum-removebg-preview.png\",\"width\":978,\"height\":255,\"caption\":\"Wadi Rum Tours\"},\"image\":{\"@id\":\"https:\\\/\\\/www.wadirumtours.com\\\/#\\\/schema\\\/logo\\\/image\\\/\"},\"sameAs\":[\"https:\\\/\\\/www.facebook.com\\\/wadirum.tours\\\/\",\"https:\\\/\\\/www.instagram.com\\\/wadirumcampingtours\\\/\"]}]}<\/script>\n<!-- \/ Yoast SEO plugin. -->","yoast_head_json":{"title":"\u00c0 propos - Excursions dans le Wadi Rum","robots":{"index":"index","follow":"follow","max-snippet":"max-snippet:-1","max-image-preview":"max-image-preview:large","max-video-preview":"max-video-preview:-1"},"canonical":"https:\/\/www.wadirumtours.com\/fr\/about\/","og_locale":"fr_FR","og_type":"article","og_title":"About - Wadi Rum Tours","og_description":"About Wadi Rum Tours Welcome to Wadi Rum Tours, your gateway to the heart of the Jordanian desert. Based in the legendary Khazali Mountain area of the Wadi Rum Protected Area, we are a team of local Bedouin guides dedicated to sharing the magic, history, and raw beauty of our ancestral home with the world. [...]","og_url":"https:\/\/www.wadirumtours.com\/fr\/about\/","og_site_name":"Wadi Rum Tours","article_publisher":"https:\/\/www.facebook.com\/wadirum.tours\/","article_modified_time":"2025-12-16T17:08:20+00:00","twitter_card":"summary_large_image","twitter_misc":{"Dur\u00e9e de lecture estim\u00e9e":"2 minutes"},"schema":{"@context":"https:\/\/schema.org","@graph":[{"@type":"WebPage","@id":"https:\/\/www.wadirumtours.com\/about\/","url":"https:\/\/www.wadirumtours.com\/about\/","name":"\u00c0 propos - Excursions dans le Wadi Rum","isPartOf":{"@id":"https:\/\/www.wadirumtours.com\/#website"},"datePublished":"2025-04-01T20:42:45+00:00","dateModified":"2025-12-16T17:08:20+00:00","breadcrumb":{"@id":"https:\/\/www.wadirumtours.com\/about\/#breadcrumb"},"inLanguage":"fr-FR","potentialAction":[{"@type":"ReadAction","target":["https:\/\/www.wadirumtours.com\/about\/"]}]},{"@type":"BreadcrumbList","@id":"https:\/\/www.wadirumtours.com\/about\/#breadcrumb","itemListElement":[{"@type":"ListItem","position":1,"name":"Home","item":"https:\/\/www.wadirumtours.com\/"},{"@type":"ListItem","position":2,"name":"About"}]},{"@type":"WebSite","@id":"https:\/\/www.wadirumtours.com\/#website","url":"https:\/\/www.wadirumtours.com\/","name":"Excursions dans le Wadi Rum","description":"V\u00c9RITABLE EXP\u00c9RIENCE DE CAMPING B\u00c9DOUIN, 10 CIRCUITS DIFF\u00c9RENTS","publisher":{"@id":"https:\/\/www.wadirumtours.com\/#organization"},"potentialAction":[{"@type":"SearchAction","target":{"@type":"EntryPoint","urlTemplate":"https:\/\/www.wadirumtours.com\/?s={search_term_string}"},"query-input":{"@type":"PropertyValueSpecification","valueRequired":true,"valueName":"search_term_string"}}],"inLanguage":"fr-FR"},{"@type":"Organization","@id":"https:\/\/www.wadirumtours.com\/#organization","name":"Excursions dans le Wadi Rum","url":"https:\/\/www.wadirumtours.com\/","logo":{"@type":"ImageObject","inLanguage":"fr-FR","@id":"https:\/\/www.wadirumtours.com\/#\/schema\/logo\/image\/","url":"https:\/\/www.wadirumtours.com\/wp-content\/uploads\/2025\/03\/logo-wadirum-removebg-preview.png","contentUrl":"https:\/\/www.wadirumtours.com\/wp-content\/uploads\/2025\/03\/logo-wadirum-removebg-preview.png","width":978,"height":255,"caption":"Wadi Rum Tours"},"image":{"@id":"https:\/\/www.wadirumtours.com\/#\/schema\/logo\/image\/"},"sameAs":["https:\/\/www.facebook.com\/wadirum.tours\/","https:\/\/www.instagram.com\/wadirumcampingtours\/"]}]}},"_links":{"self":[{"href":"https:\/\/www.wadirumtours.com\/fr\/wp-json\/wp\/v2\/pages\/633","targetHints":{"allow":["GET"]}}],"collection":[{"href":"https:\/\/www.wadirumtours.com\/fr\/wp-json\/wp\/v2\/pages"}],"about":[{"href":"https:\/\/www.wadirumtours.com\/fr\/wp-json\/wp\/v2\/types\/page"}],"author":[{"embeddable":true,"href":"https:\/\/www.wadirumtours.com\/fr\/wp-json\/wp\/v2\/users\/1"}],"replies":[{"embeddable":true,"href":"https:\/\/www.wadirumtours.com\/fr\/wp-json\/wp\/v2\/comments?post=633"}],"version-history":[{"count":3,"href":"https:\/\/www.wadirumtours.com\/fr\/wp-json\/wp\/v2\/pages\/633\/revisions"}],"predecessor-version":[{"id":1061,"href":"https:\/\/www.wadirumtours.com\/fr\/wp-json\/wp\/v2\/pages\/633\/revisions\/1061"}],"wp:attachment":[{"href":"https:\/\/www.wadirumtours.com\/fr\/wp-json\/wp\/v2\/media?parent=633"}],"curies":[{"name":"wp","href":"https:\/\/api.w.org\/{rel}","templated":true}]}}